{"id":85181,"date":"2023-02-20T11:25:55","date_gmt":"2023-02-20T10:25:55","guid":{"rendered":"https:\/\/casalunya.nl\/terminos-y-condiciones-de-casalunya\/"},"modified":"2023-10-23T20:07:50","modified_gmt":"2023-10-23T19:07:50","slug":"terminos-y-condiciones-de-casalunya","status":"publish","type":"page","link":"https:\/\/casalunya.nl\/es\/terminos-y-condiciones-de-casalunya\/","title":{"rendered":"T\u00e9rminos y condiciones de Casalunya"},"content":{"rendered":"\t\t<div data-elementor-type=\"wp-page\" data-elementor-id=\"85181\" class=\"elementor elementor-85181 elementor-499\" data-elementor-post-type=\"page\">\n\t\t\t\t\t\t<section class=\"elementor-section elementor-top-section elementor-element elementor-element-5de4e2a elementor-section-height-min-height elementor-section-boxed elementor-section-height-default elementor-section-items-middle\" data-id=\"5de4e2a\" data-element_type=\"section\" data-e-type=\"section\" data-settings=\"{&quot;background_background&quot;:&quot;classic&quot;}\">\n\t\t\t\t\t\t\t<div class=\"elementor-background-overlay\"><\/div>\n\t\t\t\t\t\t\t<div class=\"elementor-container elementor-column-gap-default\">\n\t\t\t\t\t<div class=\"elementor-column elementor-col-50 elementor-top-column elementor-element elementor-element-973483a\" data-id=\"973483a\" data-element_type=\"column\" data-e-type=\"column\">\n\t\t\t<div class=\"elementor-widget-wrap\">\n\t\t\t\t\t\t\t<\/div>\n\t\t<\/div>\n\t\t\t\t<div class=\"elementor-column elementor-col-50 elementor-top-column elementor-element elementor-element-bc651ae\" data-id=\"bc651ae\" data-element_type=\"column\" data-e-type=\"column\">\n\t\t\t<div class=\"elementor-widget-wrap elementor-element-populated\">\n\t\t\t\t\t\t<div class=\"elementor-element elementor-element-0bb6ca4 elementor-widget elementor-widget-heading\" data-id=\"0bb6ca4\" data-element_type=\"widget\" data-e-type=\"widget\" data-widget_type=\"heading.default\">\n\t\t\t\t<div class=\"elementor-widget-container\">\n\t\t\t\t\t<h1 class=\"elementor-heading-title elementor-size-default\">T\u00e9rminos y condiciones de Casalunya<\/h1>\t\t\t\t<\/div>\n\t\t\t\t<\/div>\n\t\t\t\t<div class=\"elementor-element elementor-element-9744ea3 elementor-widget elementor-widget-shortcode\" data-id=\"9744ea3\" data-element_type=\"widget\" data-e-type=\"widget\" data-widget_type=\"shortcode.default\">\n\t\t\t\t<div class=\"elementor-widget-container\">\n\t\t\t\t\t\t\t<div class=\"elementor-shortcode\"><nav aria-label=\"breadcrumbs\" class=\"rank-math-breadcrumb\"><p><span class=\"last\">Home<\/span><\/p><\/nav><\/div>\n\t\t\t\t\t\t<\/div>\n\t\t\t\t<\/div>\n\t\t\t\t\t<\/div>\n\t\t<\/div>\n\t\t\t\t\t<\/div>\n\t\t<\/section>\n\t\t\t\t<section class=\"elementor-section elementor-top-section elementor-element elementor-element-a51493f elementor-section-boxed elementor-section-height-default elementor-section-height-default\" data-id=\"a51493f\" data-element_type=\"section\" data-e-type=\"section\">\n\t\t\t\t\t\t<div class=\"elementor-container elementor-column-gap-default\">\n\t\t\t\t\t<div class=\"elementor-column elementor-col-100 elementor-top-column elementor-element elementor-element-53d3314\" data-id=\"53d3314\" data-element_type=\"column\" data-e-type=\"column\">\n\t\t\t<div class=\"elementor-widget-wrap elementor-element-populated\">\n\t\t\t\t\t\t<div class=\"elementor-element elementor-element-cdcee27 elementor-widget elementor-widget-text-editor\" data-id=\"cdcee27\" data-element_type=\"widget\" data-e-type=\"widget\" data-widget_type=\"text-editor.default\">\n\t\t\t\t<div class=\"elementor-widget-container\">\n\t\t\t\t\t\t\t\t\t<p>Le informamos que Casalunya Real Estate (en adelante \u00abCasalunya\u00bb), con direcci\u00f3n en Rambla Nova, 75, 1\u00ba 1\u00aa, 43003 Tarragona, es el propietario de este sitio web Casalunya es una agencia inmobiliaria internacional en Catalu\u00f1a que ofrece servicios en el \u00e1mbito de la compra y venta de propiedades, as\u00ed como en la gesti\u00f3n de bienes ra\u00edces.<\/p>\n<p>El acceso y navegaci\u00f3n por el sitio web, o el uso de los servicios ofrecidos a trav\u00e9s del sitio web, implica la aceptaci\u00f3n expresa y completa de nuestra Pol\u00edtica de Privacidad y Pol\u00edtica de Cookies, en relaci\u00f3n con los fines del procesamiento de los datos proporcionados por usted como usuario (en adelante, el \u00abUsuario\u00bb o \u00abUsuarios\u00bb).<\/p>\n<p><strong>Informaci\u00f3n de identificaci\u00f3n<\/strong><br \/>De acuerdo con lo dispuesto en el art\u00edculo 10 de la Ley 34\/2002, de 11 de julio, de Servicios de la Sociedad de la Informaci\u00f3n y Comercio Electr\u00f3nico, le informamos sobre los datos de identificaci\u00f3n del propietario del sitio web:<\/p>\n<p><strong>Casalunya International Real Estate Agency<\/strong><br \/>Direcci\u00f3n registrada: Rambla Nova, 75, 1\u00ba 1\u00aa, 43003 Tarragona<br \/>..<br \/>E-mail: info@casalunya.com<\/p>\n<p><strong>T\u00e9rminos de uso<\/strong><br \/>El acceso y uso de este sitio web implica la condici\u00f3n de que el usuario, al visitar este sitio web, acepte todas las cl\u00e1usulas de este aviso legal de forma completa, expresa y sin reservas.<\/p>\n<p>La informaci\u00f3n en la p\u00e1gina web de Casalunya est\u00e1 relacionada con los servicios y actividades a los que se dedica y debe considerarse como informaci\u00f3n introductoria para el Usuario que la visita<\/p>\n<p>Al acceder al sitio web de Casalunya, el Usuario se compromete a utilizarlo de conformidad con las leyes y pr\u00e1cticas de la industria, y ser\u00e1 responsable ante Casalunya o terceros por cualquier da\u00f1o que pueda resultar del incumplimiento de esta obligaci\u00f3n.<\/p>\n<p>Casalunya se reserva el derecho de modificar en cualquier momento, sin previo aviso, la presentaci\u00f3n y\/o configuraci\u00f3n del sitio web, as\u00ed como los servicios y el contenido ofrecidos de manera unilateral.<\/p>\n<p><strong>Obligaciones generales del usuario<\/strong><br \/>El usuario se compromete a utilizar esta p\u00e1gina, sus servicios y contenido de manera adecuada, sin infringir los derechos fundamentales, la legislaci\u00f3n vigente, la buena fe, las pr\u00e1cticas generalmente aceptadas o el orden p\u00fablico Se proh\u00edbe cualquier uso con fines ilegales o que infrinja los derechos de Casalunya y\/o terceros<\/p>\n<p>Al visitar este sitio web, el Usuario se compromete expresamente a:<\/p>\n<p>No realizar acciones con el prop\u00f3sito de da\u00f1ar, bloquear, deteriorar, inutilizar, sobrecargar temporal o permanentemente las funcionalidades, herramientas, contenido y\/o infraestructura del sitio web, de manera que se impida su uso normal<\/p>\n<p>No utilizar ninguno de los materiales e informaci\u00f3n en este sitio web con fines ilegales expresamente prohibidos en estas cl\u00e1usulas, as\u00ed como en las condiciones espec\u00edficas que, en su caso, se establezcan para determinadas aplicaciones y\/o utilidades y que est\u00e9n en contra de los derechos e intereses de Casalunya y\/o terceros.<\/p>\n<p>Llevar a cabo acciones que de alguna manera socaven la reputaci\u00f3n de Casalunya o de terceros, o que, en su caso, constituyan publicidad ilegal, enga\u00f1osa o desleal, y en general competencia desleal.<\/p>\n<p>Incluir virus u otros elementos f\u00edsicos o electr\u00f3nicos que puedan da\u00f1ar o impedir el funcionamiento normal de la red, el sistema o el equipo inform\u00e1tico de Casalunya o de terceros, o que puedan causar da\u00f1os a documentos electr\u00f3nicos y archivos almacenados en dicho equipo.<\/p>\n<p>El Usuario es responsable de cualquier tipo de da\u00f1o que Casalunya o terceros puedan sufrir como resultado del incumplimiento de las obligaciones a las que est\u00e1n sujetos en virtud de este Aviso Legal o de la ley en relaci\u00f3n con el acceso y\/o uso del sitio.<\/p>\n<p><strong>Derecho de propiedad intelectual<\/strong><br \/>Casalunya, ya sea por s\u00ed misma o como cesionaria, es propietaria de los derechos de propiedad intelectual e industrial del dominio de este sitio web, as\u00ed como de todo o parte de su contenido, incluyendo, a t\u00edtulo enunciativo pero no limitativo, todos los elementos que conforman la apariencia visual, la imagen gr\u00e1fica y otros est\u00edmulos sensoriales de las p\u00e1ginas web que forman parte del sitio -look and feel-, marcas registradas, logotipos, nombres comerciales, textos, rese\u00f1as y comentarios, im\u00e1genes, gr\u00e1ficos, dise\u00f1os, sonidos, bases de datos, programas, diagramas de flujo, presentaci\u00f3n, arquitectura de navegaci\u00f3n y c\u00f3digos fuente de las p\u00e1ginas web.<\/p>\n<p>Salvo consentimiento expreso de Casalunya, queda expresamente prohibida la reproducci\u00f3n, distribuci\u00f3n, transformaci\u00f3n y comunicaci\u00f3n p\u00fablica, incluida su puesta a disposici\u00f3n, de la totalidad o parte del contenido de este sitio web.<\/p>\n<p>El usuario se compromete a respetar los derechos de propiedad intelectual e industrial de Casalunya y acepta que la infracci\u00f3n de cualquiera de estos derechos puede considerarse como una actividad delictiva, tal y como est\u00e1 definida en Espa\u00f1a en los art\u00edculos 270 y siguientes del C\u00f3digo Penal.<\/p>\n<p>Procedimiento en caso de infracci\u00f3n de los derechos de propiedad intelectual<br \/>En caso de que un usuario o tercera parte considere que alguno de los contenidos de la P\u00e1gina Web ha sido introducido en violaci\u00f3n de sus derechos de propiedad intelectual, se le ruega que notifique inmediatamente a Casalunya de esta circunstancia, escribiendo a la direcci\u00f3n postal Rambla Nova, 75, 1\u00ba 1\u00aa, 43003 Tarragona o al correo electr\u00f3nico info@casalunya.com, proporcionando detalles completos y precisos de sus datos y los derechos de propiedad intelectual que pudieran haber sido infringidos.<\/p>\n<p><strong>Responabilidad<\/strong><br \/>Casalunya no puede garantizar la absoluta invulnerabilidad de sus sistemas de seguridad y, por lo tanto, excluye cualquier responsabilidad por los da\u00f1os de cualquier tipo que puedan deberse a la presencia de virus inform\u00e1ticos u otros elementos que puedan causar cambios o errores en los sistemas inform\u00e1ticos (software y hardware), documentos electr\u00f3nicos y archivos del Usuario o de terceros.<\/p>\n<p>\u200bDetails opzoeken 294 \/ 5.000 Vertaalresultaten Vertaalresultaat Se informa al Usuario que el uso de sistemas electr\u00f3nicos de transmisi\u00f3n de datos y del correo electr\u00f3nico no proporciona garant\u00edas absolutas de seguridad, como tampoco ocurre con los da\u00f1os causados \u200b\u200bpor interrupciones, ca\u00eddas, ausencia o defectos en las telecomunicaciones. El Usuario y Casalunya se liberan mutuamente de cualquier responsabilidad derivada de hechos tales como no recepci\u00f3n o retraso, errores o interceptaci\u00f3n de las comunicaciones.<\/p>\n<p><strong>Links<\/strong><br \/>La funci\u00f3n de los enlaces que puedan aparecer en este sitio es \u00fanicamente la de informar al Usuario de la existencia de otras fuentes de informaci\u00f3n, donde podr\u00e1 ampliar o complementar la informaci\u00f3n ofrecida en este sitio.<\/p>\n<p>En ning\u00fan caso Casalunya es responsable del resultado obtenido a trav\u00e9s de estos enlaces.<\/p>\n<p>Por tanto, Casalunya no acepta ninguna responsabilidad por los contenidos enlazados desde su Sitio Web, ni garantiza la ausencia de virus u otros elementos en los mismos que puedan provocar cambios en el sistema inform\u00e1tico (hardware y software), en los documentos o ficheros de el Usuario, excluyendo cualquier responsabilidad por los da\u00f1os de cualquier naturaleza causados \u200b\u200bal Usuario por este motivo.<\/p>\n<p>En el caso de que cualquier Usuario o un tercero considere que los contenidos o servicios ofrecidos por las p\u00e1ginas enlazadas son il\u00edcitos, violan valores o principios constitucionales, o lesionan bienes o derechos del Usuario o de un tercero, solicitar\u00e1 a Casalunya ser\u00e1 informado inmediatamente escribiendo a la direcci\u00f3n postal Rambla Nova 75 1 1 Tarragona o a la direcci\u00f3n de correo electr\u00f3nico info@casalunya.com.<\/p>\n<p><strong>Jurisdicci\u00f3n y Ley Aplicable<\/strong><br \/>Casalunya en de Gebruiker, die uitdrukkelijk afzien van elke andere jurisdictie, onderwerpen zich aan de Rechtbanken en Tribunalen van de stad Tarragona (Spanje) voor elk geschil dat kan voortvloeien uit de toegang tot of het gebruik van deze Website.<\/p>\n<p>Estos t\u00e9rminos y condiciones se rigen por la ley espa\u00f1ola, que se aplica en todo lo no incluido en estos t\u00e9rminos y condiciones en cuanto a interpretaci\u00f3n, validez y cumplimiento.<\/p>\n\t\t\t\t\t\t\t\t<\/div>\n\t\t\t\t<\/div>\n\t\t\t\t\t<\/div>\n\t\t<\/div>\n\t\t\t\t\t<\/div>\n\t\t<\/section>\n\t\t\t\t<\/div>\n\t\t","protected":false},"excerpt":{"rendered":"<p>T\u00e9rminos y condiciones de Casalunya Le informamos que Casalunya Real Estate (en adelante \u00abCasalunya\u00bb), con direcci\u00f3n en Rambla Nova, 75, 1\u00ba 1\u00aa, 43003 Tarragona, es el propietario de este sitio web Casalunya es una agencia inmobiliaria internacional en Catalu\u00f1a que ofrece servicios en el \u00e1mbito de la compra y venta de propiedades, as\u00ed como en [&hellip;]<\/p>\n","protected":false},"author":2,"featured_media":83442,"parent":0,"menu_order":0,"comment_status":"closed","ping_status":"closed","template":"elementor_header_footer","meta":{"_acf_changed":false,"footnotes":""},"class_list":["post-85181","page","type-page","status-publish","has-post-thumbnail","hentry"],"acf":[],"_links":{"self":[{"href":"https:\/\/casalunya.nl\/es\/wp-json\/wp\/v2\/pages\/85181","targetHints":{"allow":["GET"]}}],"collection":[{"href":"https:\/\/casalunya.nl\/es\/wp-json\/wp\/v2\/pages"}],"about":[{"href":"https:\/\/casalunya.nl\/es\/wp-json\/wp\/v2\/types\/page"}],"author":[{"embeddable":true,"href":"https:\/\/casalunya.nl\/es\/wp-json\/wp\/v2\/users\/2"}],"replies":[{"embeddable":true,"href":"https:\/\/casalunya.nl\/es\/wp-json\/wp\/v2\/comments?post=85181"}],"version-history":[{"count":0,"href":"https:\/\/casalunya.nl\/es\/wp-json\/wp\/v2\/pages\/85181\/revisions"}],"wp:featuredmedia":[{"embeddable":true,"href":"https:\/\/casalunya.nl\/es\/wp-json\/wp\/v2\/media\/83442"}],"wp:attachment":[{"href":"https:\/\/casalunya.nl\/es\/wp-json\/wp\/v2\/media?parent=85181"}],"curies":[{"name":"wp","href":"https:\/\/api.w.org\/{rel}","templated":true}]}}