{"id":85183,"date":"2023-02-20T09:48:42","date_gmt":"2023-02-20T08:48:42","guid":{"rendered":"https:\/\/casalunya.nl\/blog\/"},"modified":"2023-11-09T08:15:12","modified_gmt":"2023-11-09T07:15:12","slug":"blog","status":"publish","type":"page","link":"https:\/\/casalunya.nl\/es\/blog\/","title":{"rendered":"Blog"},"content":{"rendered":"\t\t<div data-elementor-type=\"wp-page\" data-elementor-id=\"85183\" class=\"elementor elementor-85183 elementor-394\" data-elementor-post-type=\"page\">\n\t\t\t\t\t\t<section class=\"elementor-section elementor-top-section elementor-element elementor-element-4c79905 elementor-section-height-min-height elementor-section-boxed elementor-section-height-default elementor-section-items-middle\" data-id=\"4c79905\" data-element_type=\"section\" data-e-type=\"section\" data-settings=\"{&quot;background_background&quot;:&quot;classic&quot;}\">\n\t\t\t\t\t\t\t<div class=\"elementor-background-overlay\"><\/div>\n\t\t\t\t\t\t\t<div class=\"elementor-container elementor-column-gap-default\">\n\t\t\t\t\t<div class=\"elementor-column elementor-col-50 elementor-top-column elementor-element elementor-element-d8e43f0\" data-id=\"d8e43f0\" data-element_type=\"column\" data-e-type=\"column\">\n\t\t\t<div class=\"elementor-widget-wrap\">\n\t\t\t\t\t\t\t<\/div>\n\t\t<\/div>\n\t\t\t\t<div class=\"elementor-column elementor-col-50 elementor-top-column elementor-element elementor-element-3d17b0d\" data-id=\"3d17b0d\" data-element_type=\"column\" data-e-type=\"column\">\n\t\t\t<div class=\"elementor-widget-wrap elementor-element-populated\">\n\t\t\t\t\t\t<div class=\"elementor-element elementor-element-f2e03ec elementor-widget elementor-widget-heading\" data-id=\"f2e03ec\" data-element_type=\"widget\" data-e-type=\"widget\" data-widget_type=\"heading.default\">\n\t\t\t\t<div class=\"elementor-widget-container\">\n\t\t\t\t\t<h1 class=\"elementor-heading-title elementor-size-default\">Blog<\/h1>\t\t\t\t<\/div>\n\t\t\t\t<\/div>\n\t\t\t\t<div class=\"elementor-element elementor-element-c335208 elementor-widget elementor-widget-shortcode\" data-id=\"c335208\" data-element_type=\"widget\" data-e-type=\"widget\" data-widget_type=\"shortcode.default\">\n\t\t\t\t<div class=\"elementor-widget-container\">\n\t\t\t\t\t\t\t<div class=\"elementor-shortcode\"><nav aria-label=\"breadcrumbs\" class=\"rank-math-breadcrumb\"><p><span class=\"last\">Home<\/span><\/p><\/nav><\/div>\n\t\t\t\t\t\t<\/div>\n\t\t\t\t<\/div>\n\t\t\t\t\t<\/div>\n\t\t<\/div>\n\t\t\t\t\t<\/div>\n\t\t<\/section>\n\t\t\t\t<section class=\"elementor-section elementor-top-section elementor-element elementor-element-16c19e0 elementor-section-boxed elementor-section-height-default elementor-section-height-default\" data-id=\"16c19e0\" data-element_type=\"section\" data-e-type=\"section\">\n\t\t\t\t\t\t<div class=\"elementor-container elementor-column-gap-default\">\n\t\t\t\t\t<div class=\"elementor-column elementor-col-100 elementor-top-column elementor-element elementor-element-081358d\" data-id=\"081358d\" data-element_type=\"column\" data-e-type=\"column\">\n\t\t\t<div class=\"elementor-widget-wrap elementor-element-populated\">\n\t\t\t\t\t\t<div class=\"elementor-element elementor-element-bd83534 elementor-widget elementor-widget-ucaddon_ue_select_post_filter\" data-id=\"bd83534\" data-element_type=\"widget\" data-e-type=\"widget\" data-widget_type=\"ucaddon_ue_select_post_filter.default\">\n\t\t\t\t<div class=\"elementor-widget-container\">\n\t\t\t\t\t\n<!-- start Select Dropdown Filter -->\n\t\t<link id='font-awesome-css' href='https:\/\/casalunya.nl\/wp-content\/plugins\/unlimited-elements-for-elementor-premium\/assets_libraries\/font-awesome6\/fontawesome-all.min.css' type='text\/css' rel='stylesheet' >\n\t\t<link id='font-awesome-4-shim-css' href='https:\/\/casalunya.nl\/wp-content\/plugins\/unlimited-elements-for-elementor-premium\/assets_libraries\/font-awesome6\/fontawesome-v4-shims.min.css' type='text\/css' rel='stylesheet' >\n\n<style>\/* widget: Select Dropdown Filter *\/\n\n#uc_ue_select_post_filter_elementor_bd83534.uc-filter-hidden,\n#uc_ue_select_post_filter_elementor_bd83534.uc-filter-initing.uc-initing-filter-hidden{\n  display:none !important;\n}\n\n#uc_ue_select_post_filter_elementor_bd83534 .uc-filter-item-hidden{\n\tdisplay:none;\n}\n\n#uc_ue_select_post_filter_elementor_bd83534 .uc-select-filter__loader{\n\tposition:absolute;\n  \ttop:0px;\n    width:100%;\n    height:100%;\n  \tbackground-color:lightgray;\n}\n\n#uc_ue_select_post_filter_elementor_bd83534.uc-filter-initing .uc-select-filter__loader{\n\t\n  display:block !important;\n}\n\n#uc_ue_select_post_filter_elementor_bd83534.uc-filter-initing{\n  opacity:1 !important;\n}\n\n#uc_ue_select_post_filter_elementor_bd83534 label\n{\n  flex-shrink:1;\n  display:block;\n}\n\n#uc_ue_select_post_filter_elementor_bd83534 \n{\n  align-items:center;\n}\n\n<\/style>\n\n\n<div id=\"uc_ue_select_post_filter_elementor_bd83534\" class=\"uc-select-filter  uc-grid-filter uc-filter-initing\" data-filtertype=\"select\"  data-initafter=\"true\" data-role=\"main\" style=\"\" >\n\n  \n<select class=\"uc-select-filter__select select-uc_ue_select_post_filter_elementor_bd83534\">\n    \n   \n    \n  <option value=\"\" class=\"uc-select-filter__option  uc-filter-item-hidden  uc-item-all uc-selected\" data-id=\"\" data-slug=\"\" data-taxonomy=\"\"  selected>\n     \n      <span  class=\"uc-select-filter__name\">\u00bfSobre qu\u00e9 te gustar\u00eda leer?<\/span>\n        \n  <\/option>  \n  \n    \n   \n    \n  <option value=\"880\" class=\"uc-select-filter__option  uc-filter-item-hidden \" data-id=\"880\" data-slug=\"compras-inmobiliarias-en-espana\" data-taxonomy=\"category\" >\n     \n      <span  class=\"uc-select-filter__name\">Compras inmobiliarias en Espa\u00f1a<\/span>\n        \n  <\/option>  \n  \n    \n   \n    \n  <option value=\"900\" class=\"uc-select-filter__option  uc-filter-item-hidden \" data-id=\"900\" data-slug=\"golden-visa-es\" data-taxonomy=\"category\" >\n     \n      <span  class=\"uc-select-filter__name\">Golden visa<\/span>\n        \n  <\/option>  \n  \n    \n   \n    \n  <option value=\"876\" class=\"uc-select-filter__option  uc-filter-item-hidden \" data-id=\"876\" data-slug=\"klantcase-aankopen-es\" data-taxonomy=\"category\" >\n     \n      <span  class=\"uc-select-filter__name\">Klantcase aankopen<\/span>\n        \n  <\/option>  \n  \n    \n   \n    \n  <option value=\"878\" class=\"uc-select-filter__option  uc-filter-item-hidden \" data-id=\"878\" data-slug=\"klantcase-verkopen-es\" data-taxonomy=\"category\" >\n     \n      <span  class=\"uc-select-filter__name\">Klantcase verkopen<\/span>\n        \n  <\/option>  \n  \n    \n   \n    \n  <option value=\"901\" class=\"uc-select-filter__option  uc-filter-item-hidden \" data-id=\"901\" data-slug=\"paneles-solares\" data-taxonomy=\"category\" >\n     \n      <span  class=\"uc-select-filter__name\">paneles solares<\/span>\n        \n  <\/option>  \n  \n    \n   \n    \n  <option value=\"864\" class=\"uc-select-filter__option  uc-filter-item-hidden \" data-id=\"864\" data-slug=\"tarragona-stad-es\" data-taxonomy=\"category\" >\n     \n      <span  class=\"uc-select-filter__name\">Tarragona stad<\/span>\n        \n  <\/option>  \n  \n    \n   \n    \n  <option value=\"882\" class=\"uc-select-filter__option  uc-filter-item-hidden \" data-id=\"882\" data-slug=\"vender-bienes-inmuebles-espana\" data-taxonomy=\"category\" >\n     \n      <span  class=\"uc-select-filter__name\">Vender bienes inmuebles Espa\u00f1a<\/span>\n        \n  <\/option>  \n  \n    \n    \n<\/select>\n\n    \n   \n      \n   \n      \n   \n      \n   \n      \n   \n      \n   \n      \n   \n      \n   \n      \n    \n \n<div class=\"uc-select-filter__loader\" style=\"display:none\"><\/div>\n\n<\/div>\n<!-- end Select Dropdown Filter -->\t\t\t\t<\/div>\n\t\t\t\t<\/div>\n\t\t\t\t\t<\/div>\n\t\t<\/div>\n\t\t\t\t\t<\/div>\n\t\t<\/section>\n\t\t\t\t<section class=\"elementor-section elementor-top-section elementor-element elementor-element-51059b0 elementor-section-boxed elementor-section-height-default elementor-section-height-default\" data-id=\"51059b0\" data-element_type=\"section\" data-e-type=\"section\">\n\t\t\t\t\t\t<div class=\"elementor-container elementor-column-gap-default\">\n\t\t\t\t\t<div class=\"elementor-column elementor-col-100 elementor-top-column elementor-element elementor-element-882b6bb\" data-id=\"882b6bb\" data-element_type=\"column\" data-e-type=\"column\">\n\t\t\t<div class=\"elementor-widget-wrap elementor-element-populated\">\n\t\t\t\t\t\t<div class=\"elementor-element elementor-element-3a3dce6 elementor-widget elementor-widget-ucaddon_post_grid\" data-id=\"3a3dce6\" data-element_type=\"widget\" data-e-type=\"widget\" data-widget_type=\"ucaddon_post_grid.default\">\n\t\t\t\t<div class=\"elementor-widget-container\">\n\t\t\t\t\t\n<!-- start Post Grid -->\n\n<style>\/* widget: Post Grid *\/\n\n\n\n#uc_post_grid_elementor_3a3dce6.uc_post_grid_style_one .uc_post_grid_style_one_wrap {\n   display:grid;\n}\n\n\n\n#uc_post_grid_elementor_3a3dce6 .uc_post_grid_style_one_item\n{\n  overflow:hidden;\n  position:relative;\n}\n\n#uc_post_grid_elementor_3a3dce6 .uc_post_image\n{\n  transition:0.3s;\n  position:relative;\n  overflow:hidden;\n}\n\n#uc_post_grid_elementor_3a3dce6 .uc_post_image img\n{\n  width:100%;\n  display:block;\n  transition:0.3s;\n}\n\n\n\t#uc_post_grid_elementor_3a3dce6 .ue-item:hover .uc_post_image img\n    {\n      transform:scale(1.1,1.1);\n    }\n\t\n\n\n\n\n\n\n#uc_post_grid_elementor_3a3dce6 .uc_post_image_overlay\n{\n  position:absolute;\n  top:0px;\n  left:0px;\n  height:100%;\n  width:100%;\n  transition:0.3s;\n}\n\n#uc_post_grid_elementor_3a3dce6 .uc_more_btn{\n\n  display:inline-block;\n  text-align:center;\n  text-decoration:none;\n  transition:0.3s;\n}\n\n.ue-grid-item-category a\n{\n  display:inline-block;\n  font-size:10px;\n  \n}\n\n.uc_post_title\n{\n  font-size:21px;\n}\n\n\n\n\n\t#uc_post_grid_elementor_3a3dce6.uc_post_grid_style_one .uc_content{\n      position:absolute;\n      top:0px;\n      left:0px;\n      bottom:0px;\n      right:0px;\n      opacity:1;\n      transition:1s;\n      display:flex;\n      align-items:center;\n      flex-direction:column;\n      justify-content: center;\n    }\n\n\t#uc_post_grid_elementor_3a3dce6 .uc_post_grid_style_one_item:hover .uc_content{\n      opacity:0.7;\n    }\n\n\n\n\n\n\n\n\n\n\n\n\n\n\n\n\n\n\n\n\n\n#uc_post_grid_elementor_3a3dce6 .ue-meta-data\n{\n  \n  display:flex;\n\n  flex-wrap: wrap;\n  line-height:1em;\n}\n\n#uc_post_grid_elementor_3a3dce6 .ue-grid-item-meta-data\n{\n      display:inline-flex;\n      align-items:center;\n}\n\n.ue-grid-item-meta-data\n{\n  font-size:12px;\n}\n\n#uc_post_grid_elementor_3a3dce6 .ue-grid-item-meta-data-icon\n{\n  line-height:1em;\n}\n\n#uc_post_grid_elementor_3a3dce6 .ue-grid-item-meta-data-icon svg\n{\n  width:1em;\n  height:1em;\n}\n\n#uc_post_grid_elementor_3a3dce6 .ue-debug-meta\n{\n  padding:10px;\n  border:1px solid red;\n  position:relative;\n  line-height:1.5em;\n  font-size:11px;\n  width:100%;\n}\n\n<\/style>\n\n<div class=\"uc_post_grid_style_one uc-filterable-grid uc-remote-parent \" id=\"uc_post_grid_elementor_3a3dce6\"  data-ajax='true'  data-filterbehave='mixed'  querydata='{&quot;count_posts&quot;:6,&quot;total_posts&quot;:6,&quot;page&quot;:1,&quot;num_pages&quot;:1,&quot;orderby&quot;:&quot;date&quot;,&quot;orderdir&quot;:&quot;desc&quot;}'  data-remoteid='auto' data-widgetname='Post Grid'>\n\t\t<div class=\"uc_post_grid_style_one_wrap ue_post_grid uc-items-wrapper\">\n\t\t\t<div class=\"uc_post_grid_style_one_item ue_post_grid_item ue-item \">\n  \n   <a class=\"uc_post_grid_style_one_image\" href=\"https:\/\/casalunya.nl\/es\/paneles-solares-catalunya-financiamiento-y-beneficios-fiscales\/\" target=\"_self\">\n   <div class=\"uc_post_image\">\n   <img loading=\"lazy\" decoding=\"async\" src=\"https:\/\/casalunya.nl\/wp-content\/uploads\/2024\/01\/DJI_0958-scaled.jpg\"  src=\"https:\/\/casalunya.nl\/wp-content\/uploads\/2024\/01\/DJI_0958-scaled.jpg\" alt=\"zonnepanelen catalunya\" width=\"2560\" height=\"1920\">\n   <div class=\"uc_post_image_overlay\"><\/div>\n   <\/div>\n  <\/a>\n   \n <div class=\"uc_content\">\n    <div>\n      \n               \n        \t<div class=\"ue-grid-item-category\">\n              <a href=\"https:\/\/casalunya.nl\/es\/category\/paneles-solares\/\">paneles solares<\/a>\n        \t<\/div>\n        \t\n              \n    \n  \n      \n      \n    <div class=\"uc_post_title\"><a href=\"https:\/\/casalunya.nl\/es\/paneles-solares-catalunya-financiamiento-y-beneficios-fiscales\/\" target=\"_self\"><div>Paneles Solares Catalunya: financiamiento y beneficios fiscales<\/div><\/a><\/div>\t\n    \n     \n     \n          <div class=\"ue-meta-data\">\n                        \n                        \n        \n\t\t\t\n\n\n\n\n\n\n\n\n\n\n\n\n            \n                        \n                        \n                        \n                        \n            \t\t\t\n              \n            \n          <\/div>\n     \n      \n      \n      \n          \t<\/div>\n  <\/div>\n<\/div>\n<div class=\"uc_post_grid_style_one_item ue_post_grid_item ue-item \">\n  \n   <a class=\"uc_post_grid_style_one_image\" href=\"https:\/\/casalunya.nl\/es\/obtener-hipoteca-espanola-respuesta-en-24-hs\/\" target=\"_self\">\n   <div class=\"uc_post_image\">\n   <img loading=\"lazy\" decoding=\"async\" src=\"https:\/\/casalunya.nl\/wp-content\/uploads\/2023\/11\/necesito-credito-hipotecario.jpg\"  src=\"https:\/\/casalunya.nl\/wp-content\/uploads\/2023\/11\/necesito-credito-hipotecario.jpg\" alt=\"Hipoteca Espa\u00f1ola\" width=\"724\" height=\"483\">\n   <div class=\"uc_post_image_overlay\"><\/div>\n   <\/div>\n  <\/a>\n   \n <div class=\"uc_content\">\n    <div>\n      \n               \n        \t<div class=\"ue-grid-item-category\">\n              <a href=\"https:\/\/casalunya.nl\/es\/category\/compras-inmobiliarias-en-espana\/\">Compras inmobiliarias en Espa\u00f1a<\/a>\n        \t<\/div>\n        \t\n              \n    \n  \n      \n      \n    <div class=\"uc_post_title\"><a href=\"https:\/\/casalunya.nl\/es\/obtener-hipoteca-espanola-respuesta-en-24-hs\/\" target=\"_self\"><div>Hipoteca Espa\u00f1ola<\/div><\/a><\/div>\t\n    \n     \n     \n          <div class=\"ue-meta-data\">\n                        \n                        \n        \n\t\t\t\n\n\n\n\n\n\n\n\n\n\n\n\n            \n                        \n                        \n                        \n                        \n            \t\t\t\n              \n            \n          <\/div>\n     \n      \n      \n      \n          \t<\/div>\n  <\/div>\n<\/div>\n<div class=\"uc_post_grid_style_one_item ue_post_grid_item ue-item \">\n  \n   <a class=\"uc_post_grid_style_one_image\" href=\"https:\/\/casalunya.nl\/es\/paneles-solares-inversion-inteligente\/\" target=\"_self\">\n   <div class=\"uc_post_image\">\n   <img loading=\"lazy\" decoding=\"async\" src=\"https:\/\/casalunya.nl\/wp-content\/uploads\/2023\/11\/unnamed-file.jpg\"  src=\"https:\/\/casalunya.nl\/wp-content\/uploads\/2023\/11\/unnamed-file.jpg\" alt=\"......................\" width=\"1920\" height=\"1220\">\n   <div class=\"uc_post_image_overlay\"><\/div>\n   <\/div>\n  <\/a>\n   \n <div class=\"uc_content\">\n    <div>\n      \n               \n        \t<div class=\"ue-grid-item-category\">\n              <a href=\"https:\/\/casalunya.nl\/es\/category\/paneles-solares\/\">paneles solares<\/a>\n        \t<\/div>\n        \t\n              \n    \n  \n      \n      \n    <div class=\"uc_post_title\"><a href=\"https:\/\/casalunya.nl\/es\/paneles-solares-inversion-inteligente\/\" target=\"_self\"><div>PANELES SOLARES 2023<\/div><\/a><\/div>\t\n    \n     \n     \n          <div class=\"ue-meta-data\">\n                        \n                        \n        \n\t\t\t\n\n\n\n\n\n\n\n\n\n\n\n\n            \n                        \n                        \n                        \n                        \n            \t\t\t\n              \n            \n          <\/div>\n     \n      \n      \n      \n          \t<\/div>\n  <\/div>\n<\/div>\n<div class=\"uc_post_grid_style_one_item ue_post_grid_item ue-item \">\n  \n   <a class=\"uc_post_grid_style_one_image\" href=\"https:\/\/casalunya.nl\/es\/suspension-temporal-de-licencias-turisticas-para-la-ciudad-de-tarragona-2\/\" target=\"_self\">\n   <div class=\"uc_post_image\">\n   <img loading=\"lazy\" decoding=\"async\" src=\"https:\/\/casalunya.nl\/wp-content\/uploads\/2023\/10\/montroig-del-camp-casalunya.png\"  src=\"https:\/\/casalunya.nl\/wp-content\/uploads\/2023\/10\/montroig-del-camp-casalunya.png\" alt=\"mo\" width=\"1261\" height=\"581\">\n   <div class=\"uc_post_image_overlay\"><\/div>\n   <\/div>\n  <\/a>\n   \n <div class=\"uc_content\">\n    <div>\n      \n               \n        \t<div class=\"ue-grid-item-category\">\n              <a href=\"https:\/\/casalunya.nl\/es\/category\/compras-inmobiliarias-en-espana\/\">Compras inmobiliarias en Espa\u00f1a<\/a>\n        \t<\/div>\n        \t\n              \n    \n  \n      \n      \n    <div class=\"uc_post_title\"><a href=\"https:\/\/casalunya.nl\/es\/suspension-temporal-de-licencias-turisticas-para-la-ciudad-de-tarragona-2\/\" target=\"_self\"><div>Suspensi\u00f3n temporal de licencias tur\u00edsticas Montroig del Camp<\/div><\/a><\/div>\t\n    \n     \n     \n          <div class=\"ue-meta-data\">\n                        \n                        \n        \n\t\t\t\n\n\n\n\n\n\n\n\n\n\n\n\n            \n                        \n                        \n                        \n                        \n            \t\t\t\n              \n            \n          <\/div>\n     \n      \n      \n      \n          \t<\/div>\n  <\/div>\n<\/div>\n<div class=\"uc_post_grid_style_one_item ue_post_grid_item ue-item \">\n  \n   <a class=\"uc_post_grid_style_one_image\" href=\"https:\/\/casalunya.nl\/es\/suspension-temporal-de-licencias-turisticas-para-la-ciudad-de-tarragona\/\" target=\"_self\">\n   <div class=\"uc_post_image\">\n   <img loading=\"lazy\" decoding=\"async\" src=\"https:\/\/casalunya.nl\/wp-content\/uploads\/2023\/10\/parte-alta-1-1.png\"  src=\"https:\/\/casalunya.nl\/wp-content\/uploads\/2023\/10\/parte-alta-1-1.png\" alt=\"parte alta\" width=\"642\" height=\"373\">\n   <div class=\"uc_post_image_overlay\"><\/div>\n   <\/div>\n  <\/a>\n   \n <div class=\"uc_content\">\n    <div>\n      \n               \n        \t<div class=\"ue-grid-item-category\">\n              <a href=\"https:\/\/casalunya.nl\/es\/category\/compras-inmobiliarias-en-espana\/\">Compras inmobiliarias en Espa\u00f1a<\/a>\n        \t<\/div>\n        \t\n              \n    \n  \n      \n      \n    <div class=\"uc_post_title\"><a href=\"https:\/\/casalunya.nl\/es\/suspension-temporal-de-licencias-turisticas-para-la-ciudad-de-tarragona\/\" target=\"_self\"><div>Suspensi\u00f3n temporal de licencias tur\u00edsticas para la ciudad de Tarragona<\/div><\/a><\/div>\t\n    \n     \n     \n          <div class=\"ue-meta-data\">\n                        \n                        \n        \n\t\t\t\n\n\n\n\n\n\n\n\n\n\n\n\n            \n                        \n                        \n                        \n                        \n            \t\t\t\n              \n            \n          <\/div>\n     \n      \n      \n      \n          \t<\/div>\n  <\/div>\n<\/div>\n<div class=\"uc_post_grid_style_one_item ue_post_grid_item ue-item \">\n  \n   <a class=\"uc_post_grid_style_one_image\" href=\"https:\/\/casalunya.nl\/es\/tarragona-es-uno-de-los-mejores-hotspots-para-2023-segun-the-new-york-time\/\" target=\"_self\">\n   <div class=\"uc_post_image\">\n   <img loading=\"lazy\" decoding=\"async\" src=\"https:\/\/casalunya.nl\/wp-content\/uploads\/2023\/01\/tarragona-stad-300x221-1.jpg\"  src=\"https:\/\/casalunya.nl\/wp-content\/uploads\/2023\/01\/tarragona-stad-300x221-1.jpg\" alt=\"Tarragona stad\" width=\"300\" height=\"221\">\n   <div class=\"uc_post_image_overlay\"><\/div>\n   <\/div>\n  <\/a>\n   \n <div class=\"uc_content\">\n    <div>\n      \n               \n        \t<div class=\"ue-grid-item-category\">\n              <a href=\"https:\/\/casalunya.nl\/es\/category\/tarragona-stad-es\/\">Tarragona stad<\/a>\n        \t<\/div>\n        \t\n              \n    \n  \n      \n      \n    <div class=\"uc_post_title\"><a href=\"https:\/\/casalunya.nl\/es\/tarragona-es-uno-de-los-mejores-hotspots-para-2023-segun-the-new-york-time\/\" target=\"_self\"><div>Tarragona es uno de los mejores hotspots para 2023 seg\u00fan The New York Time<\/div><\/a><\/div>\t\n    \n     \n     \n          <div class=\"ue-meta-data\">\n                        \n                        \n        \n\t\t\t\n\n\n\n\n\n\n\n\n\n\n\n\n            \n                        \n                        \n                        \n                        \n            \t\t\t\n              \n            \n          <\/div>\n     \n      \n      \n      \n          \t<\/div>\n  <\/div>\n<\/div>\n\n\t\t<\/div>\n\t<\/div>\n\n\n\n  <div id=\"uc_post_grid_elementor_3a3dce6_empty_message\" class=\"ue-no-posts-found\"  style=\"display:none\" >No posts found...<\/div>\n\n\n<!-- end Post Grid -->\t\t\t\t<\/div>\n\t\t\t\t<\/div>\n\t\t\t\t\t<\/div>\n\t\t<\/div>\n\t\t\t\t\t<\/div>\n\t\t<\/section>\n\t\t\t\t<\/div>\n\t\t","protected":false},"excerpt":{"rendered":"<p>Blog \u00bfSobre qu\u00e9 te gustar\u00eda leer? Aankopen vastgoed Spanje Barcelona Casalunya Cataloni\u00eb Circulair bouwen Culinair Digital Nomad Domotica Duurzaamheid Financieel Fiscaal General Golden visa Het meeste uit je woning halen Humans of Catalunya Hypotheek Interieur Investeren in vastgoed Klantcase aankopen Klantcase verkopen Klantervaringen Lifestyle Luxe vastgoed Nieuws Online services Port aventura Tarragona stad Terrein kopen [&hellip;]<\/p>\n","protected":false},"author":2,"featured_media":84299,"parent":0,"menu_order":0,"comment_status":"closed","ping_status":"closed","template":"elementor_header_footer","meta":{"_acf_changed":false,"footnotes":""},"class_list":["post-85183","page","type-page","status-publish","has-post-thumbnail","hentry"],"acf":[],"_links":{"self":[{"href":"https:\/\/casalunya.nl\/es\/wp-json\/wp\/v2\/pages\/85183","targetHints":{"allow":["GET"]}}],"collection":[{"href":"https:\/\/casalunya.nl\/es\/wp-json\/wp\/v2\/pages"}],"about":[{"href":"https:\/\/casalunya.nl\/es\/wp-json\/wp\/v2\/types\/page"}],"author":[{"embeddable":true,"href":"https:\/\/casalunya.nl\/es\/wp-json\/wp\/v2\/users\/2"}],"replies":[{"embeddable":true,"href":"https:\/\/casalunya.nl\/es\/wp-json\/wp\/v2\/comments?post=85183"}],"version-history":[{"count":0,"href":"https:\/\/casalunya.nl\/es\/wp-json\/wp\/v2\/pages\/85183\/revisions"}],"wp:featuredmedia":[{"embeddable":true,"href":"https:\/\/casalunya.nl\/es\/wp-json\/wp\/v2\/media\/84299"}],"wp:attachment":[{"href":"https:\/\/casalunya.nl\/es\/wp-json\/wp\/v2\/media?parent=85183"}],"curies":[{"name":"wp","href":"https:\/\/api.w.org\/{rel}","templated":true}]}}