{"id":85211,"date":"2023-02-20T11:24:36","date_gmt":"2023-02-20T10:24:36","guid":{"rendered":"https:\/\/casalunya.nl\/politica-de-privacidad\/"},"modified":"2023-10-23T22:42:50","modified_gmt":"2023-10-23T21:42:50","slug":"politica-de-privacidad","status":"publish","type":"page","link":"https:\/\/casalunya.nl\/es\/politica-de-privacidad\/","title":{"rendered":"Pol\u00edtica de privacidad"},"content":{"rendered":"\t\t<div data-elementor-type=\"wp-page\" data-elementor-id=\"85211\" class=\"elementor elementor-85211 elementor-497\" data-elementor-post-type=\"page\">\n\t\t\t\t\t\t<section class=\"elementor-section elementor-top-section elementor-element elementor-element-fb0d8a2 elementor-section-height-min-height elementor-section-boxed elementor-section-height-default elementor-section-items-middle\" data-id=\"fb0d8a2\" data-element_type=\"section\" data-e-type=\"section\" data-settings=\"{&quot;background_background&quot;:&quot;classic&quot;}\">\n\t\t\t\t\t\t\t<div class=\"elementor-background-overlay\"><\/div>\n\t\t\t\t\t\t\t<div class=\"elementor-container elementor-column-gap-default\">\n\t\t\t\t\t<div class=\"elementor-column elementor-col-50 elementor-top-column elementor-element elementor-element-56052cf\" data-id=\"56052cf\" data-element_type=\"column\" data-e-type=\"column\">\n\t\t\t<div class=\"elementor-widget-wrap\">\n\t\t\t\t\t\t\t<\/div>\n\t\t<\/div>\n\t\t\t\t<div class=\"elementor-column elementor-col-50 elementor-top-column elementor-element elementor-element-a899040\" data-id=\"a899040\" data-element_type=\"column\" data-e-type=\"column\">\n\t\t\t<div class=\"elementor-widget-wrap elementor-element-populated\">\n\t\t\t\t\t\t<div class=\"elementor-element elementor-element-bcada68 elementor-widget elementor-widget-heading\" data-id=\"bcada68\" data-element_type=\"widget\" data-e-type=\"widget\" data-widget_type=\"heading.default\">\n\t\t\t\t<div class=\"elementor-widget-container\">\n\t\t\t\t\t<h1 class=\"elementor-heading-title elementor-size-default\">Pol\u00edtica de privacidad<\/h1>\t\t\t\t<\/div>\n\t\t\t\t<\/div>\n\t\t\t\t<div class=\"elementor-element elementor-element-0f3c599 elementor-widget elementor-widget-shortcode\" data-id=\"0f3c599\" data-element_type=\"widget\" data-e-type=\"widget\" data-widget_type=\"shortcode.default\">\n\t\t\t\t<div class=\"elementor-widget-container\">\n\t\t\t\t\t\t\t<div class=\"elementor-shortcode\"><nav aria-label=\"breadcrumbs\" class=\"rank-math-breadcrumb\"><p><span class=\"last\">Home<\/span><\/p><\/nav><\/div>\n\t\t\t\t\t\t<\/div>\n\t\t\t\t<\/div>\n\t\t\t\t\t<\/div>\n\t\t<\/div>\n\t\t\t\t\t<\/div>\n\t\t<\/section>\n\t\t\t\t<section class=\"elementor-section elementor-top-section elementor-element elementor-element-cf11f7b elementor-section-boxed elementor-section-height-default elementor-section-height-default\" data-id=\"cf11f7b\" data-element_type=\"section\" data-e-type=\"section\">\n\t\t\t\t\t\t<div class=\"elementor-container elementor-column-gap-default\">\n\t\t\t\t\t<div class=\"elementor-column elementor-col-100 elementor-top-column elementor-element elementor-element-93c1cfc\" data-id=\"93c1cfc\" data-element_type=\"column\" data-e-type=\"column\">\n\t\t\t<div class=\"elementor-widget-wrap elementor-element-populated\">\n\t\t\t\t\t\t<div class=\"elementor-element elementor-element-59a2599 elementor-widget elementor-widget-text-editor\" data-id=\"59a2599\" data-element_type=\"widget\" data-e-type=\"widget\" data-widget_type=\"text-editor.default\">\n\t\t\t\t<div class=\"elementor-widget-container\">\n\t\t\t\t\t\t\t\t\t<h2>Su privacidad es importante para nosotros<\/h2>\n<p>Gracias por leer nuestra pol\u00edtica de privacidad. Esperamos que pueda confiar en que haremos todo lo posible para proteger sus datos personales.<\/p>\n<p>El uso responsable de la informaci\u00f3n y los datos personales de nuestros clientes es crucial para nuestras operaciones y nuestra reputaci\u00f3n. Es por eso que hemos implementado procedimientos para garantizar que sus datos se manejen de manera responsable. Tambi\u00e9n cumplimos con las leyes de protecci\u00f3n de datos y pol\u00edticas de privacidad aplicables.<\/p>\n<p><strong>Nuestra pol\u00edtica de privacidad <\/strong><\/p>\n<p>Le informamos que Casalunya Real Estate (en adelante \u201cCasalunya\u201d), con domicilio social en Rambla Nova 75 1 1 de Tarragona, es la titular de este sitio web.<\/p>\n<p>Casalunya es una agencia inmobiliaria internacional en Catalu\u00f1a que ofrece servicios en el \u00e1mbito de la compra, venta y gesti\u00f3n de inmuebles.<\/p>\n<p>Esta pol\u00edtica de privacidad describe qu\u00e9 informaci\u00f3n recopilamos cuando visita nuestro sitio web, c\u00f3mo usamos esa informaci\u00f3n y c\u00f3mo puede controlar su uso.<\/p>\n<p><strong>\u00bfQu\u00e9 informaci\u00f3n recopilamos?<\/strong><\/p>\n<p>Cuando visita nuestro sitio web y desea recibir informaci\u00f3n sobre un producto o servicio, le solicitaremos informaci\u00f3n espec\u00edfica a trav\u00e9s de nuestros formularios en l\u00ednea. S\u00f3lo utilizamos tus datos identificativos para responder a tus solicitudes e informarte sobre los servicios de Casalunya, pero siempre te ofrecemos la opci\u00f3n de darte de baja de cualquier tipo de comunicaci\u00f3n que recibas de nuestra parte. <\/p>\n<p>Casalunya recibe datos a trav\u00e9s de:<\/p>\n<p>Formularios en l\u00ednea en nuestro sitio web (formulario de contacto, newsletter, por ejemplo);<\/p>\n<p>Durante una conversaci\u00f3n telef\u00f3nica;<\/p>\n<p>Una visita a nuestra oficina;<\/p>\n<p>Visitas a propiedades por parte de nuestros agentes;<\/p>\n<p>Informaci\u00f3n recogida a trav\u00e9s de \u201ccookies\u201d. Estos datos son an\u00f3nimos y los utilizamos para mejorar nuestros sitios web y brindar una mejor experiencia de usuario. Utilizamos Google Analytics para analizar, por ejemplo, el tipo de navegador utilizado, preferencia de idioma, n\u00famero de p\u00e1ginas vistas, duraci\u00f3n de la visita, etc.) En este enlace encontrar\u00e1 informaci\u00f3n sobre c\u00f3mo desactivar las cookies en los navegadores: https :\/ \/tools.google.com\/dlpage\/gaoptout.<\/p>\n<p>Los datos necesarios para tramitar las solicitudes de informaci\u00f3n son:<\/p>\n<p>El nombre de la persona de contacto;<\/p>\n<p>La direccion de correo electronico;<\/p>\n<p>El numero de telefono;<\/p>\n<p>Dado que Casalunya realiza transacciones financieras, podemos solicitar informaci\u00f3n adicional para realizar estas transacciones. En todos los casos, \u00fanicamente solicitamos la informaci\u00f3n necesaria para cumplir con los requisitos legales en materia de prevenci\u00f3n de blanqueo de capitales y financiaci\u00f3n del terrorismo. Siempre puede negarse a proporcionarnos su informaci\u00f3n de identificaci\u00f3n y, como resultado, es posible que no podamos realizar dichas transacciones.<\/p>\n<p><strong>\u00bfC\u00f3mo usamos la informaci\u00f3n?<\/strong><\/p>\n<p>Tus datos ser\u00e1n tratados de forma confidencial y permanecer\u00e1n en nuestros archivos mientras tu cuenta est\u00e9 activa o hasta que solicites un cambio en el procesamiento de tus datos, o seg\u00fan lo exija la ley.<\/p>\n<p>Para poder ofrecerle los productos m\u00e1s adecuados, podemos transmitir sus datos personales a otras sucursales o empleados de Casalunya. Siempre nos aseguraremos de que se mantenga la confidencialidad de sus datos personales y de que se manejen de manera responsable y de acuerdo con la ley de protecci\u00f3n de datos vigente en la Uni\u00f3n Europea. Si desea obtener m\u00e1s informaci\u00f3n, env\u00edenos un correo electr\u00f3nico a privacidad@casalunya.com.<\/p>\n<p>Si le enviamos informaci\u00f3n que no ha solicitado espec\u00edficamente, le daremos la oportunidad de elegir qu\u00e9 tipo de comunicaciones desea recibir. Tambi\u00e9n podr\u00e1s darte de baja de todas las comunicaciones a trav\u00e9s del mismo centro de preferencias o enviando un correo electr\u00f3nico a unsubscribe@casalunya.com.<\/p>\n<p><strong>\u00bfCon qui\u00e9n compartimos informaci\u00f3n?<\/strong><\/p>\n<p>Los siguientes son ejemplos de casos en los que necesitamos compartir su informaci\u00f3n personal para cumplir con los fines descritos anteriormente, o seg\u00fan lo exija la ley:<\/p>\n<p>Transferencia de datos entre empresas pertenecientes a Casalunya;<\/p>\n<p>Transferencia de datos a servicios gubernamentales y al Ministerio de Justicia;<\/p>\n<p>Proveedores de tecnolog\u00eda, incluidos proveedores de servicios de computaci\u00f3n en la nube.<\/p>\n<p><strong>\u00bfC\u00f3mo protegemos tu informaci\u00f3n?<\/strong><\/p>\n<p>Su privacidad es tan importante para nuestros empleados como lo es para usted, y tomaremos las medidas adecuadas en caso de violaci\u00f3n de esta pol\u00edtica de privacidad.<\/p>\n<p>Casalunya declara que ha adoptado todas las medidas de seguridad necesarias y adecuadas a lo dispuesto en el Reglamento (UE) 2016\/679 y el Real Decreto 1720\/2007, de 21 de diciembre, por el que se aprueba el Reglamento de desarrollo de la Ley de Protecci\u00f3n de Datos Personales, en que todos los medios t\u00e9cnicos dispone para evitar la p\u00e9rdida, mal uso, alteraci\u00f3n, acceso no autorizado o robo de los datos que nos facilita.<\/p>\n<p>En Casalunya tenemos una estricta pol\u00edtica de seguridad para garantizar que tus datos est\u00e9n protegidos contra mal uso, p\u00e9rdida o alteraci\u00f3n. Los datos quedan registrados en el fichero del que es responsable Casalunya con acceso limitado. Todos nuestros empleados no divulgar\u00e1n su informaci\u00f3n personal a terceros sin su consentimiento expreso, excepto cuando as\u00ed lo exija la ley, o cuando creamos que la divulgaci\u00f3n de esta informaci\u00f3n es necesaria para proteger nuestra propiedad y derechos y tambi\u00e9n los derechos de terceros para proteger.<\/p>\n<p>Casalunya declara que ha adoptado todas las medidas de seguridad necesarias y adecuadas a lo dispuesto en el Reglamento (UE) 2016\/679 y el Real Decreto 1720\/2007, de 21 de diciembre, por el que se aprueba el Reglamento de desarrollo de la Ley de Protecci\u00f3n de Datos Personales, en que todos los medios t\u00e9cnicos dispone para evitar la p\u00e9rdida, mal uso, alteraci\u00f3n, acceso no autorizado o robo de los datos que nos facilita.<\/p>\n<p><strong>C\u00f3mo usamos las cookies?<\/strong><\/p>\n<p>Adem\u00e1s de la informaci\u00f3n recopilada a trav\u00e9s de los formularios de nuestro sitio web, nuestro sitio tambi\u00e9n utiliza cookies (peque\u00f1os archivos que se instalan en su navegador cuando visita nuestro sitio web por primera vez). La funci\u00f3n principal de las cookies es reconocer sus h\u00e1bitos de navegaci\u00f3n para brindarle una experiencia en l\u00ednea mejorada cada vez que visita nuestro sitio. Las cookies no pueden da\u00f1ar sus dispositivos.<\/p>\n<p>Las cookies se pueden aceptar, eliminar o bloquear seg\u00fan se desee. Si no desea que se instalen cookies, puede desactivar f\u00e1cilmente la opci\u00f3n en su navegador, pero tenga en cuenta que algunas funciones del sitio web pueden no funcionar correctamente.<\/p>\n<p>La informaci\u00f3n recogida por las cookies es completamente an\u00f3nima y no identificable si el usuario no lo permite. Algunas de las cookies que utilizamos son de Google Analytics y la recogida de la informaci\u00f3n es responsabilidad de Google. Casalunya no tiene acceso a la informaci\u00f3n exacta de cada usuario, \u00fanicamente a los datos agregados que le proporciona Google, sin estar asociado a una direcci\u00f3n IP. Asimismo, es Google quien decide sobre la finalidad y uso de la informaci\u00f3n recogida, as\u00ed como sobre el funcionamiento y duraci\u00f3n de las cookies.<\/p>\n<p>Tambi\u00e9n puede eliminar, habilitar y administrar las cookies a trav\u00e9s de la configuraci\u00f3n de su navegador.<\/p>\n<p><strong>\u00bfCuales son tus derechos?<\/strong><\/p>\n<p>Podr\u00e1s oponerte al tratamiento de tus datos en cualquier momento ejerciendo tus derechos de acceso, rectificaci\u00f3n, portabilidad, cancelaci\u00f3n y oposici\u00f3n dirigiendo una comunicaci\u00f3n escrita a la direcci\u00f3n de correo electr\u00f3nico unsubscribe@casalunya.com. Tambi\u00e9n puedes cambiar tus preferencias en cualquier momento.<\/p>\n<p>Si desea enviar su solicitud por correo postal, p\u00f3ngase en contacto con nosotros en la siguiente direcci\u00f3n<\/p>\n<p><strong>Consultas de protecci\u00f3n de datos<\/strong><\/p>\n<p>Casalunya<\/p>\n<p>Rambla Nova 75 1 1 43004 Tarragona<br \/>Espa\u00f1a<\/p>\n<p>Tambi\u00e9n puede dirigirse a la Agencia Espa\u00f1ola de Protecci\u00f3n de Datos (www.agpd.es) para realizar cualquier tr\u00e1mite relacionado con la protecci\u00f3n de sus datos.<\/p>\n<p>Si en alg\u00fan momento cambiamos nuestra pol\u00edtica de privacidad, esos cambios se publicar\u00e1n en este sitio web y se lo notificaremos adecuadamente por correo electr\u00f3nico.<\/p>\n\t\t\t\t\t\t\t\t<\/div>\n\t\t\t\t<\/div>\n\t\t\t\t\t<\/div>\n\t\t<\/div>\n\t\t\t\t\t<\/div>\n\t\t<\/section>\n\t\t\t\t<\/div>\n\t\t","protected":false},"excerpt":{"rendered":"<p>Pol\u00edtica de privacidad Su privacidad es importante para nosotros Gracias por leer nuestra pol\u00edtica de privacidad. Esperamos que pueda confiar en que haremos todo lo posible para proteger sus datos personales. El uso responsable de la informaci\u00f3n y los datos personales de nuestros clientes es crucial para nuestras operaciones y nuestra reputaci\u00f3n. Es por eso [&hellip;]<\/p>\n","protected":false},"author":2,"featured_media":83472,"parent":0,"menu_order":0,"comment_status":"closed","ping_status":"closed","template":"elementor_header_footer","meta":{"_acf_changed":false,"footnotes":""},"class_list":["post-85211","page","type-page","status-publish","has-post-thumbnail","hentry"],"acf":[],"_links":{"self":[{"href":"https:\/\/casalunya.nl\/es\/wp-json\/wp\/v2\/pages\/85211","targetHints":{"allow":["GET"]}}],"collection":[{"href":"https:\/\/casalunya.nl\/es\/wp-json\/wp\/v2\/pages"}],"about":[{"href":"https:\/\/casalunya.nl\/es\/wp-json\/wp\/v2\/types\/page"}],"author":[{"embeddable":true,"href":"https:\/\/casalunya.nl\/es\/wp-json\/wp\/v2\/users\/2"}],"replies":[{"embeddable":true,"href":"https:\/\/casalunya.nl\/es\/wp-json\/wp\/v2\/comments?post=85211"}],"version-history":[{"count":0,"href":"https:\/\/casalunya.nl\/es\/wp-json\/wp\/v2\/pages\/85211\/revisions"}],"wp:featuredmedia":[{"embeddable":true,"href":"https:\/\/casalunya.nl\/es\/wp-json\/wp\/v2\/media\/83472"}],"wp:attachment":[{"href":"https:\/\/casalunya.nl\/es\/wp-json\/wp\/v2\/media?parent=85211"}],"curies":[{"name":"wp","href":"https:\/\/api.w.org\/{rel}","templated":true}]}}