{"id":87047,"date":"2024-05-06T14:10:48","date_gmt":"2024-05-06T13:10:48","guid":{"rendered":"https:\/\/casalunya.nl\/?page_id=87047"},"modified":"2024-05-24T07:05:29","modified_gmt":"2024-05-24T06:05:29","slug":"sobre-casalunya-2","status":"publish","type":"page","link":"https:\/\/casalunya.nl\/es\/sobre-casalunya-2\/","title":{"rendered":"Casalunya Podcast"},"content":{"rendered":"\t\t<div data-elementor-type=\"wp-page\" data-elementor-id=\"87047\" class=\"elementor elementor-87047\" data-elementor-post-type=\"page\">\n\t\t\t\t\t\t<section class=\"elementor-section elementor-top-section elementor-element elementor-element-1991606 elementor-section-height-min-height elementor-section-boxed elementor-section-height-default elementor-section-items-middle\" data-id=\"1991606\" data-element_type=\"section\" data-e-type=\"section\" data-settings=\"{&quot;background_background&quot;:&quot;classic&quot;}\">\n\t\t\t\t\t\t\t<div class=\"elementor-background-overlay\"><\/div>\n\t\t\t\t\t\t\t<div class=\"elementor-container elementor-column-gap-default\">\n\t\t\t\t\t<div class=\"elementor-column elementor-col-50 elementor-top-column elementor-element elementor-element-34cf1f8\" data-id=\"34cf1f8\" data-element_type=\"column\" data-e-type=\"column\">\n\t\t\t<div class=\"elementor-widget-wrap\">\n\t\t\t\t\t\t\t<\/div>\n\t\t<\/div>\n\t\t\t\t<div class=\"elementor-column elementor-col-50 elementor-top-column elementor-element elementor-element-56149af\" data-id=\"56149af\" data-element_type=\"column\" data-e-type=\"column\">\n\t\t\t<div class=\"elementor-widget-wrap elementor-element-populated\">\n\t\t\t\t\t\t<div class=\"elementor-element elementor-element-25f2028 elementor-widget elementor-widget-heading\" data-id=\"25f2028\" data-element_type=\"widget\" data-e-type=\"widget\" data-widget_type=\"heading.default\">\n\t\t\t\t<div class=\"elementor-widget-container\">\n\t\t\t\t\t<h1 class=\"elementor-heading-title elementor-size-default\">Sobre Casalunya<\/h1>\t\t\t\t<\/div>\n\t\t\t\t<\/div>\n\t\t\t\t<div class=\"elementor-element elementor-element-60d47e6 elementor-widget elementor-widget-shortcode\" data-id=\"60d47e6\" data-element_type=\"widget\" data-e-type=\"widget\" data-widget_type=\"shortcode.default\">\n\t\t\t\t<div class=\"elementor-widget-container\">\n\t\t\t\t\t\t\t<div class=\"elementor-shortcode\"><nav aria-label=\"breadcrumbs\" class=\"rank-math-breadcrumb\"><p><span class=\"last\">Home<\/span><\/p><\/nav><\/div>\n\t\t\t\t\t\t<\/div>\n\t\t\t\t<\/div>\n\t\t\t\t\t<\/div>\n\t\t<\/div>\n\t\t\t\t\t<\/div>\n\t\t<\/section>\n\t\t\t\t<section class=\"elementor-section elementor-top-section elementor-element elementor-element-b94f546 elementor-section-boxed elementor-section-height-default elementor-section-height-default\" data-id=\"b94f546\" data-element_type=\"section\" data-e-type=\"section\">\n\t\t\t\t\t\t<div class=\"elementor-container elementor-column-gap-default\">\n\t\t\t\t\t<div class=\"elementor-column elementor-col-50 elementor-top-column elementor-element elementor-element-da2c401\" data-id=\"da2c401\" data-element_type=\"column\" data-e-type=\"column\">\n\t\t\t<div class=\"elementor-widget-wrap elementor-element-populated\">\n\t\t\t\t\t\t<div class=\"elementor-element elementor-element-4084b04 elementor-widget elementor-widget-heading\" data-id=\"4084b04\" data-element_type=\"widget\" data-e-type=\"widget\" data-widget_type=\"heading.default\">\n\t\t\t\t<div class=\"elementor-widget-container\">\n\t\t\t\t\t<h2 class=\"elementor-heading-title elementor-size-default\">\u00a1Casalunya en los altavoces!<\/h2>\t\t\t\t<\/div>\n\t\t\t\t<\/div>\n\t\t\t\t\t<\/div>\n\t\t<\/div>\n\t\t\t\t<div class=\"elementor-column elementor-col-50 elementor-top-column elementor-element elementor-element-3786fd5\" data-id=\"3786fd5\" data-element_type=\"column\" data-e-type=\"column\">\n\t\t\t<div class=\"elementor-widget-wrap elementor-element-populated\">\n\t\t\t\t\t\t<div class=\"elementor-element elementor-element-38b5d89 elementor-widget elementor-widget-text-editor\" data-id=\"38b5d89\" data-element_type=\"widget\" data-e-type=\"widget\" data-widget_type=\"text-editor.default\">\n\t\t\t\t<div class=\"elementor-widget-container\">\n\t\t\t\t\t\t\t\t\t<h3><strong>Casalunya Podcast: todo sobre casas en Catalu\u00f1a<\/strong><\/h3>\n<p>En este podcast, hablamos con todos los que tienen experiencia en la compra y venta de propiedad(es) en Catalunya y tienen una historia fascinante de la que te puedes beneficiar, \u00a1Ven y escucha te dir\u00edamos!<\/p>\n\t\t\t\t\t\t\t\t<\/div>\n\t\t\t\t<\/div>\n\t\t\t\t\t<\/div>\n\t\t<\/div>\n\t\t\t\t\t<\/div>\n\t\t<\/section>\n\t\t\t\t<section class=\"elementor-section elementor-top-section elementor-element elementor-element-609be1d elementor-section-boxed elementor-section-height-default elementor-section-height-default\" data-id=\"609be1d\" data-element_type=\"section\" data-e-type=\"section\">\n\t\t\t\t\t\t<div class=\"elementor-container elementor-column-gap-default\">\n\t\t\t\t\t<div class=\"elementor-column elementor-col-33 elementor-top-column elementor-element elementor-element-0455f08\" data-id=\"0455f08\" data-element_type=\"column\" data-e-type=\"column\">\n\t\t\t<div class=\"elementor-widget-wrap elementor-element-populated\">\n\t\t\t\t\t\t<div class=\"elementor-element elementor-element-0972840 elementor-widget elementor-widget-text-editor\" data-id=\"0972840\" data-element_type=\"widget\" data-e-type=\"widget\" data-widget_type=\"text-editor.default\">\n\t\t\t\t<div class=\"elementor-widget-container\">\n\t\t\t\t\t\t\t\t\t<p><strong>LATEST RELEASE (MAYO 2024)<\/strong><\/p>\n<p>En conversaci\u00f3n con Diana Villares, que encontr\u00f3 la casa de sus sue\u00f1os a trav\u00e9s del programa de televisi\u00f3n Se busca casa de ensue\u00f1o (temporada 14, episodio 1). En este episodio, habla de c\u00f3mo fue participar en el programa de televisi\u00f3n y de c\u00f3mo lleg\u00f3 a comprar la casa, incluso despu\u00e9s de que el equipo de c\u00e1maras se hubiera marchado.<\/p>\n<p><iframe title=\"Spotify Embed: Casalunya podcast 2 - Droomhuis gezocht: Zo vond Diana Villares haar droomhuis voor de camera - en wat er daarna gebeurde...\" style=\"border-radius: 12px\" width=\"100%\" height=\"152\" frameborder=\"0\" allowfullscreen allow=\"autoplay; clipboard-write; encrypted-media; fullscreen; picture-in-picture\" loading=\"lazy\" src=\"https:\/\/open.spotify.com\/embed\/episode\/4vyOTwPnGnRgoB4PsGSaNA?si=7cdc6a12d1564128&utm_source=oembed\"><\/iframe><\/p>\n\t\t\t\t\t\t\t\t<\/div>\n\t\t\t\t<\/div>\n\t\t\t\t\t<\/div>\n\t\t<\/div>\n\t\t\t\t<div class=\"elementor-column elementor-col-33 elementor-top-column elementor-element elementor-element-58ec1d9\" data-id=\"58ec1d9\" data-element_type=\"column\" data-e-type=\"column\">\n\t\t\t<div class=\"elementor-widget-wrap elementor-element-populated\">\n\t\t\t\t\t\t<div class=\"elementor-element elementor-element-c7345ee elementor-widget elementor-widget-text-editor\" data-id=\"c7345ee\" data-element_type=\"widget\" data-e-type=\"widget\" data-widget_type=\"text-editor.default\">\n\t\t\t\t<div class=\"elementor-widget-container\">\n\t\t\t\t\t\t\t\t\t<p><strong>EPISODIO (ABRIL 2024)<\/p>\n<p><\/strong>En conversaci\u00f3n con Paul Draaijer, arquitecto local desde hace 23 a\u00f1os con amplia experiencia en todo lo relacionado con la construcci\u00f3n en Espa\u00f1a. En este primer podcast de Casalunya, hablamos de la construcci\u00f3n ilegal y Paul da consejos sobre c\u00f3mo hacer una compra segura en un pa\u00eds donde todo funciona un poco diferente.<\/p>\n<p><iframe title=\"Spotify Embed: Casalunya podcast: Illegale woning kopen in Spanje: zo voorkom je het Ik vertrek scenario. Met Nederlands architect in Spanje Paul Draaijer.\" style=\"border-radius: 12px\" width=\"100%\" height=\"152\" frameborder=\"0\" allowfullscreen allow=\"autoplay; clipboard-write; encrypted-media; fullscreen; picture-in-picture\" loading=\"lazy\" src=\"https:\/\/open.spotify.com\/embed\/episode\/6w9VptZY3kGSUARL1Lgvdk?si=d1482c731d1241a4&utm_source=oembed\"><\/iframe><\/p>\n\t\t\t\t\t\t\t\t<\/div>\n\t\t\t\t<\/div>\n\t\t\t\t\t<\/div>\n\t\t<\/div>\n\t\t\t\t<div class=\"elementor-column elementor-col-33 elementor-top-column elementor-element elementor-element-f04b111\" data-id=\"f04b111\" data-element_type=\"column\" data-e-type=\"column\">\n\t\t\t<div class=\"elementor-widget-wrap\">\n\t\t\t\t\t\t\t<\/div>\n\t\t<\/div>\n\t\t\t\t\t<\/div>\n\t\t<\/section>\n\t\t\t\t<section class=\"elementor-section elementor-top-section elementor-element elementor-element-4048767 elementor-section-boxed elementor-section-height-default elementor-section-height-default\" data-id=\"4048767\" data-element_type=\"section\" data-e-type=\"section\">\n\t\t\t\t\t\t<div class=\"elementor-container elementor-column-gap-default\">\n\t\t\t\t\t<div class=\"elementor-column elementor-col-100 elementor-top-column elementor-element elementor-element-5de5a04\" data-id=\"5de5a04\" data-element_type=\"column\" data-e-type=\"column\">\n\t\t\t<div class=\"elementor-widget-wrap elementor-element-populated\">\n\t\t\t\t\t\t<div class=\"elementor-element elementor-element-b457fd3 elementor-widget elementor-widget-text-editor\" data-id=\"b457fd3\" data-element_type=\"widget\" data-e-type=\"widget\" data-widget_type=\"text-editor.default\">\n\t\t\t\t<div class=\"elementor-widget-container\">\n\t\t\t\t\t\t\t\t\t<h2>\u00bfTiene usted tambi\u00e9n una historia convincente?<\/h2>\n<\/p>\n<p>Estamos siempre abiertos a cualquier persona con experiencia en la compra o venta de propiedades en Catalunya, o en otras regiones espa\u00f1olas. \u00bfTiene una historia interesante y le gustar\u00eda participar en nuestro podcast como tertuliano? A continuaci\u00f3n, env\u00ede un correo electr\u00f3nico a info@casalunya.com , y en su mensaje cuente su historia y por qu\u00e9 le gustar\u00eda participar. Si es as\u00ed, nos pondremos en contacto con usted en breve.<\/p><\/p>\n\t\t\t\t\t\t\t\t<\/div>\n\t\t\t\t<\/div>\n\t\t\t\t\t<\/div>\n\t\t<\/div>\n\t\t\t\t\t<\/div>\n\t\t<\/section>\n\t\t\t\t<section class=\"elementor-section elementor-top-section elementor-element elementor-element-f0c9344 elementor-section-boxed elementor-section-height-default elementor-section-height-default\" data-id=\"f0c9344\" data-element_type=\"section\" data-e-type=\"section\">\n\t\t\t\t\t\t<div class=\"elementor-container elementor-column-gap-default\">\n\t\t\t\t\t<div class=\"elementor-column elementor-col-100 elementor-top-column elementor-element elementor-element-cd321cf\" data-id=\"cd321cf\" data-element_type=\"column\" data-e-type=\"column\">\n\t\t\t<div class=\"elementor-widget-wrap elementor-element-populated\">\n\t\t\t\t\t\t<div class=\"elementor-element elementor-element-7a11728 elementor-widget elementor-widget-heading\" data-id=\"7a11728\" data-element_type=\"widget\" data-e-type=\"widget\" data-widget_type=\"heading.default\">\n\t\t\t\t<div class=\"elementor-widget-container\">\n\t\t\t\t\t<h3 class=\"elementor-heading-title elementor-size-default\">Casos de clientes<\/h3>\t\t\t\t<\/div>\n\t\t\t\t<\/div>\n\t\t\t\t<div class=\"elementor-element elementor-element-69bc9fb elementor-widget elementor-widget-ucaddon_post_grid\" data-id=\"69bc9fb\" data-element_type=\"widget\" data-e-type=\"widget\" data-widget_type=\"ucaddon_post_grid.default\">\n\t\t\t\t<div class=\"elementor-widget-container\">\n\t\t\t\t\t\n<!-- start Post Grid -->\n\t\t<link id='font-awesome-css' href='https:\/\/casalunya.nl\/wp-content\/plugins\/unlimited-elements-for-elementor-premium\/assets_libraries\/font-awesome6\/fontawesome-all.min.css' type='text\/css' rel='stylesheet' >\n\t\t<link id='font-awesome-4-shim-css' href='https:\/\/casalunya.nl\/wp-content\/plugins\/unlimited-elements-for-elementor-premium\/assets_libraries\/font-awesome6\/fontawesome-v4-shims.min.css' type='text\/css' rel='stylesheet' >\n\n<style>\/* widget: Post Grid *\/\n\n\n\n#uc_post_grid_elementor_69bc9fb.uc_post_grid_style_one .uc_post_grid_style_one_wrap {\n   display:grid;\n}\n\n\n\n#uc_post_grid_elementor_69bc9fb .uc_post_grid_style_one_item\n{\n  overflow:hidden;\n  position:relative;\n}\n\n#uc_post_grid_elementor_69bc9fb .uc_post_image\n{\n  transition:0.3s;\n  position:relative;\n  overflow:hidden;\n}\n\n#uc_post_grid_elementor_69bc9fb .uc_post_image img\n{\n  width:100%;\n  display:block;\n  transition:0.3s;\n}\n\n\n\t#uc_post_grid_elementor_69bc9fb .ue-item:hover .uc_post_image img\n    {\n      transform:scale(1.1,1.1);\n    }\n\t\n\n\n\n\n\n\n#uc_post_grid_elementor_69bc9fb .uc_post_image_overlay\n{\n  position:absolute;\n  top:0px;\n  left:0px;\n  height:100%;\n  width:100%;\n  transition:0.3s;\n}\n\n#uc_post_grid_elementor_69bc9fb .uc_more_btn{\n\n  display:inline-block;\n  text-align:center;\n  text-decoration:none;\n  transition:0.3s;\n}\n\n.ue-grid-item-category a\n{\n  display:inline-block;\n  font-size:10px;\n  \n}\n\n.uc_post_title\n{\n  font-size:21px;\n}\n\n\n\n\n\t#uc_post_grid_elementor_69bc9fb.uc_post_grid_style_one .uc_content{\n      position:absolute;\n      top:0px;\n      left:0px;\n      bottom:0px;\n      right:0px;\n      opacity:1;\n      transition:1s;\n      display:flex;\n      align-items:center;\n      flex-direction:column;\n      justify-content: center;\n    }\n\n\t#uc_post_grid_elementor_69bc9fb .uc_post_grid_style_one_item:hover .uc_content{\n      opacity:0.7;\n    }\n\n\n\n\n\n\n\n\n\n\n\n\n\n\n\n\n\n\n\n\n\n#uc_post_grid_elementor_69bc9fb .ue-meta-data\n{\n  \n  display:flex;\n\n  flex-wrap: wrap;\n  line-height:1em;\n}\n\n#uc_post_grid_elementor_69bc9fb .ue-grid-item-meta-data\n{\n      display:inline-flex;\n      align-items:center;\n}\n\n.ue-grid-item-meta-data\n{\n  font-size:12px;\n}\n\n#uc_post_grid_elementor_69bc9fb .ue-grid-item-meta-data-icon\n{\n  line-height:1em;\n}\n\n#uc_post_grid_elementor_69bc9fb .ue-grid-item-meta-data-icon svg\n{\n  width:1em;\n  height:1em;\n}\n\n#uc_post_grid_elementor_69bc9fb .ue-debug-meta\n{\n  padding:10px;\n  border:1px solid red;\n  position:relative;\n  line-height:1.5em;\n  font-size:11px;\n  width:100%;\n}\n\n<\/style>\n\n<div class=\"uc_post_grid_style_one uc-filterable-grid uc-remote-parent \" id=\"uc_post_grid_elementor_69bc9fb\"  data-ajax='true'  data-filterbehave='mixed'  querydata='{&quot;count_posts&quot;:3,&quot;total_posts&quot;:27,&quot;page&quot;:1,&quot;num_pages&quot;:9,&quot;orderby&quot;:&quot;rand&quot;,&quot;orderdir&quot;:&quot;asc&quot;}'  data-remoteid='auto' data-widgetname='Post Grid'>\n\t\t<div class=\"uc_post_grid_style_one_wrap ue_post_grid uc-items-wrapper\">\n\t\t\t<div class=\"uc_post_grid_style_one_item ue_post_grid_item ue-item \">\n  \n   <a class=\"uc_post_grid_style_one_image\" href=\"https:\/\/casalunya.nl\/es\/cases\/casa-en-salou-para-peter-y-geera\/\" target=\"_self\">\n   <div class=\"uc_post_image\">\n   <img fetchpriority=\"high\" decoding=\"async\" src=\"https:\/\/casalunya.nl\/wp-content\/uploads\/2023\/02\/WhatsApp-Image-2023-10-12-at-16.09.11.jpeg\"  src=\"https:\/\/casalunya.nl\/wp-content\/uploads\/2023\/02\/WhatsApp-Image-2023-10-12-at-16.09.11.jpeg\" alt=\"Aankoopmakelaar Tarragona\" width=\"2048\" height=\"1536\">\n   <div class=\"uc_post_image_overlay\"><\/div>\n   <\/div>\n  <\/a>\n   \n <div class=\"uc_content\">\n    <div>\n      \n           \n    \n  \n      \n      \n    <div class=\"uc_post_title\"><a href=\"https:\/\/casalunya.nl\/es\/cases\/casa-en-salou-para-peter-y-geera\/\" target=\"_self\"><div>Casa en Salou para Peter y Geera<\/div><\/a><\/div>\t\n    \n     \n     \n          <div class=\"ue-meta-data\">\n                        \n                        \n        \n\t\t\t\n\n\n\n\n\n\n\n\n\n\n\n\n            \n                        \n                        \n                        \n                        \n            \t\t\t\n              \n            \n          <\/div>\n     \n      \n      \n      \n          \t<\/div>\n  <\/div>\n<\/div>\n<div class=\"uc_post_grid_style_one_item ue_post_grid_item ue-item \">\n  \n   <a class=\"uc_post_grid_style_one_image\" href=\"https:\/\/casalunya.nl\/es\/cases\/piso-en-la-pineda-vendido-por-marianne\/\" target=\"_self\">\n   <div class=\"uc_post_image\">\n   <img decoding=\"async\" src=\"https:\/\/casalunya.nl\/wp-content\/uploads\/2023\/10\/Marianne.png\"  src=\"https:\/\/casalunya.nl\/wp-content\/uploads\/2023\/10\/Marianne.png\" alt=\"appartement in La pineda\" width=\"340\" height=\"446\">\n   <div class=\"uc_post_image_overlay\"><\/div>\n   <\/div>\n  <\/a>\n   \n <div class=\"uc_content\">\n    <div>\n      \n           \n    \n  \n      \n      \n    <div class=\"uc_post_title\"><a href=\"https:\/\/casalunya.nl\/es\/cases\/piso-en-la-pineda-vendido-por-marianne\/\" target=\"_self\"><div>Piso en La Pineda vendido por Marianne<\/div><\/a><\/div>\t\n    \n     \n     \n          <div class=\"ue-meta-data\">\n                        \n                        \n        \n\t\t\t\n\n\n\n\n\n\n\n\n\n\n\n\n            \n                        \n                        \n                        \n                        \n            \t\t\t\n              \n            \n          <\/div>\n     \n      \n      \n      \n          \t<\/div>\n  <\/div>\n<\/div>\n<div class=\"uc_post_grid_style_one_item ue_post_grid_item ue-item \">\n  \n   <a class=\"uc_post_grid_style_one_image\" href=\"https:\/\/casalunya.nl\/es\/cases\/casa-en-cambrils-para-niels-en-kim-9\/\" target=\"_self\">\n   <div class=\"uc_post_image\">\n   <img decoding=\"async\" src=\"https:\/\/casalunya.nl\/wp-content\/uploads\/ac_assets\/uc_post_grid_style_one\/\/no-image.png\" >\n   <div class=\"uc_post_image_overlay\"><\/div>\n   <\/div>\n  <\/a>\n   \n <div class=\"uc_content\">\n    <div>\n      \n           \n    \n  \n      \n      \n    <div class=\"uc_post_title\"><a href=\"https:\/\/casalunya.nl\/es\/cases\/casa-en-cambrils-para-niels-en-kim-9\/\" target=\"_self\"><div>Casa en Cambrils para Niels en Kim<\/div><\/a><\/div>\t\n    \n     \n     \n          <div class=\"ue-meta-data\">\n                        \n                        \n        \n\t\t\t\n\n\n\n\n\n\n\n\n\n\n\n\n            \n                        \n                        \n                        \n                        \n            \t\t\t\n              \n            \n          <\/div>\n     \n      \n      \n      \n          \t<\/div>\n  <\/div>\n<\/div>\n\n\t\t<\/div>\n\t<\/div>\n\n\n\n  <div id=\"uc_post_grid_elementor_69bc9fb_empty_message\" class=\"ue-no-posts-found\"  style=\"display:none\" >No cases found...<\/div>\n\n\n<!-- end Post Grid -->\t\t\t\t<\/div>\n\t\t\t\t<\/div>\n\t\t\t\t<div class=\"elementor-element elementor-element-026c262 elementor-align-center elementor-widget elementor-widget-button\" data-id=\"026c262\" data-element_type=\"widget\" data-e-type=\"widget\" data-widget_type=\"button.default\">\n\t\t\t\t<div class=\"elementor-widget-container\">\n\t\t\t\t\t\t\t\t\t<div class=\"elementor-button-wrapper\">\n\t\t\t\t\t<a class=\"elementor-button elementor-button-link elementor-size-sm\" href=\"https:\/\/casalunya.nl\/es\/casos-de-clientes\/\">\n\t\t\t\t\t\t<span class=\"elementor-button-content-wrapper\">\n\t\t\t\t\t\t\t\t\t<span class=\"elementor-button-text\">Ver todos los casos de clientes<\/span>\n\t\t\t\t\t<\/span>\n\t\t\t\t\t<\/a>\n\t\t\t\t<\/div>\n\t\t\t\t\t\t\t\t<\/div>\n\t\t\t\t<\/div>\n\t\t\t\t\t<\/div>\n\t\t<\/div>\n\t\t\t\t\t<\/div>\n\t\t<\/section>\n\t\t\t\t<\/div>\n\t\t","protected":false},"excerpt":{"rendered":"<p>\u00a1Todo sobre casas en Catalunya, Casalunya en los altavoces a trav\u00e9s de Casalunya Podcast!<\/p>\n","protected":false},"author":4,"featured_media":87052,"parent":0,"menu_order":0,"comment_status":"closed","ping_status":"closed","template":"elementor_header_footer","meta":{"_acf_changed":false,"footnotes":""},"class_list":["post-87047","page","type-page","status-publish","has-post-thumbnail","hentry"],"acf":[],"_links":{"self":[{"href":"https:\/\/casalunya.nl\/es\/wp-json\/wp\/v2\/pages\/87047","targetHints":{"allow":["GET"]}}],"collection":[{"href":"https:\/\/casalunya.nl\/es\/wp-json\/wp\/v2\/pages"}],"about":[{"href":"https:\/\/casalunya.nl\/es\/wp-json\/wp\/v2\/types\/page"}],"author":[{"embeddable":true,"href":"https:\/\/casalunya.nl\/es\/wp-json\/wp\/v2\/users\/4"}],"replies":[{"embeddable":true,"href":"https:\/\/casalunya.nl\/es\/wp-json\/wp\/v2\/comments?post=87047"}],"version-history":[{"count":6,"href":"https:\/\/casalunya.nl\/es\/wp-json\/wp\/v2\/pages\/87047\/revisions"}],"predecessor-version":[{"id":87504,"href":"https:\/\/casalunya.nl\/es\/wp-json\/wp\/v2\/pages\/87047\/revisions\/87504"}],"wp:featuredmedia":[{"embeddable":true,"href":"https:\/\/casalunya.nl\/es\/wp-json\/wp\/v2\/media\/87052"}],"wp:attachment":[{"href":"https:\/\/casalunya.nl\/es\/wp-json\/wp\/v2\/media?parent=87047"}],"curies":[{"name":"wp","href":"https:\/\/api.w.org\/{rel}","templated":true}]}}